{"id":126,"date":"2016-09-26T12:32:04","date_gmt":"2016-09-26T10:32:04","guid":{"rendered":"http:\/\/thalamus-theater.de\/?page_id=126"},"modified":"2024-11-16T19:06:03","modified_gmt":"2024-11-16T18:06:03","slug":"das-ensemble","status":"publish","type":"page","link":"https:\/\/thalamus-theater.de\/?page_id=126","title":{"rendered":"Das Ensemble"},"content":{"rendered":"<h2>Das Ensemble<\/h2>\n<p>&nbsp;<\/p>\n<p><img loading=\"lazy\" decoding=\"async\" class=\"alignnone size-medium wp-image-177\" src=\"https:\/\/thalamus-theater.de\/wp-content\/uploads\/Katrin-Brinkmann-211x300.jpg\" alt=\"katrin-brinkmann\" width=\"211\" height=\"300\" srcset=\"https:\/\/thalamus-theater.de\/wp-content\/uploads\/Katrin-Brinkmann-211x300.jpg 211w, https:\/\/thalamus-theater.de\/wp-content\/uploads\/Katrin-Brinkmann.jpg 220w\" sizes=\"auto, (max-width: 211px) 100vw, 211px\" \/> Katrin Brinkmann, Darstellerin, Co-Regie<\/p>\n<p>&nbsp;<\/p>\n<p><img loading=\"lazy\" decoding=\"async\" class=\"alignnone size-medium wp-image-176\" src=\"https:\/\/thalamus-theater.de\/wp-content\/uploads\/Karl-Elbl-Regisseur-Schauspieler-212x300.jpg\" alt=\"karl-elbl-regisseur-schauspieler\" width=\"212\" height=\"300\" srcset=\"https:\/\/thalamus-theater.de\/wp-content\/uploads\/Karl-Elbl-Regisseur-Schauspieler-212x300.jpg 212w, https:\/\/thalamus-theater.de\/wp-content\/uploads\/Karl-Elbl-Regisseur-Schauspieler.jpg 220w\" sizes=\"auto, (max-width: 212px) 100vw, 212px\" \/> Karl Elbl, Regisseur<\/p>\n<p>&nbsp;<\/p>\n<p><img loading=\"lazy\" decoding=\"async\" class=\"\" src=\"https:\/\/thalamus-theater.de\/wp-content\/uploads\/DSC_7964-1.jpg\" alt=\"\" width=\"212\" height=\"235\">Gesa Gurski, Darstellerin, Co-Regie<\/p>\n<p>&nbsp;<\/p>\n<p><img loading=\"lazy\" decoding=\"async\" class=\"alignnone size-medium wp-image-175\" src=\"https:\/\/thalamus-theater.de\/wp-content\/uploads\/Gunnar-Jacobsen-212x300.jpg\" alt=\"gunnar-jacobsen\" width=\"212\" height=\"300\" srcset=\"https:\/\/thalamus-theater.de\/wp-content\/uploads\/Gunnar-Jacobsen-212x300.jpg 212w, https:\/\/thalamus-theater.de\/wp-content\/uploads\/Gunnar-Jacobsen.jpg 220w\" sizes=\"auto, (max-width: 212px) 100vw, 212px\" \/> Gunnar Jacobsen, Techniker<\/p>\n<p>&nbsp;<\/p>\n<p><img loading=\"lazy\" decoding=\"async\" class=\"alignnone size-medium wp-image-178\" src=\"https:\/\/thalamus-theater.de\/wp-content\/uploads\/Michael-Noetzel-Schauspieler-212x300.jpg\" alt=\"michael-noetzel-schauspieler\" width=\"212\" height=\"300\" srcset=\"https:\/\/thalamus-theater.de\/wp-content\/uploads\/Michael-Noetzel-Schauspieler-212x300.jpg 212w, https:\/\/thalamus-theater.de\/wp-content\/uploads\/Michael-Noetzel-Schauspieler.jpg 220w\" sizes=\"auto, (max-width: 212px) 100vw, 212px\" \/> Michael N\u00f6tzel, Darsteller, Regisseur<\/p>\n<p>&nbsp;<\/p>\n<p><img loading=\"lazy\" decoding=\"async\" class=\"alignnone size-medium wp-image-173\" src=\"https:\/\/thalamus-theater.de\/wp-content\/uploads\/Elke-Steinhaus-Souffleuse-Requisiteurin-212x300.jpg\" alt=\"elke-steinhaus-souffleuse-requisiteurin\" width=\"212\" height=\"300\" srcset=\"https:\/\/thalamus-theater.de\/wp-content\/uploads\/Elke-Steinhaus-Souffleuse-Requisiteurin-212x300.jpg 212w, https:\/\/thalamus-theater.de\/wp-content\/uploads\/Elke-Steinhaus-Souffleuse-Requisiteurin.jpg 220w\" sizes=\"auto, (max-width: 212px) 100vw, 212px\" \/> Elke Steinhaus, Souffleuse<\/p>\n<p>&nbsp;<\/p>\n<p><img loading=\"lazy\" decoding=\"async\" class=\"alignnone size-medium wp-image-179\" src=\"https:\/\/thalamus-theater.de\/wp-content\/uploads\/Per-Ove-Thomsen-212x300.jpg\" alt=\"per-ove-thomsen\" width=\"212\" height=\"300\" srcset=\"https:\/\/thalamus-theater.de\/wp-content\/uploads\/Per-Ove-Thomsen-212x300.jpg 212w, https:\/\/thalamus-theater.de\/wp-content\/uploads\/Per-Ove-Thomsen.jpg 220w\" sizes=\"auto, (max-width: 212px) 100vw, 212px\" \/> Per-Ove Thie\u00dfen, Darsteller, Homepage<\/p>\n<p>&nbsp;<\/p>\n<p>&nbsp;<\/p>\n<p><img loading=\"lazy\" decoding=\"async\" class=\"alignnone size-medium wp-image-172\" src=\"https:\/\/thalamus-theater.de\/wp-content\/uploads\/Dirk-Wegner-Ulke-Schauspieler-212x300.jpg\" alt=\"dirk-wegner-ulke-schauspieler\" width=\"212\" height=\"300\" srcset=\"https:\/\/thalamus-theater.de\/wp-content\/uploads\/Dirk-Wegner-Ulke-Schauspieler-212x300.jpg 212w, https:\/\/thalamus-theater.de\/wp-content\/uploads\/Dirk-Wegner-Ulke-Schauspieler.jpg 220w\" sizes=\"auto, (max-width: 212px) 100vw, 212px\" \/> Dirk Wegner-Ulke, Darsteller, B\u00fchnenbild<\/p>\n<p>&nbsp;<\/p>\n<p><img loading=\"lazy\" decoding=\"async\" class=\"alignnone wp-image-1161\" src=\"https:\/\/thalamus-theater.de\/wp-content\/uploads\/Julia-225x300.jpg\" alt=\"\" width=\"212\" height=\"283\" srcset=\"https:\/\/thalamus-theater.de\/wp-content\/uploads\/Julia-225x300.jpg 225w, https:\/\/thalamus-theater.de\/wp-content\/uploads\/Julia-768x1024.jpg 768w, https:\/\/thalamus-theater.de\/wp-content\/uploads\/Julia-1152x1536.jpg 1152w, https:\/\/thalamus-theater.de\/wp-content\/uploads\/Julia.jpg 1200w\" sizes=\"auto, (max-width: 212px) 100vw, 212px\" \/> Julia B\u00f6ke, Darstellerin<\/p>\n\n","protected":false},"excerpt":{"rendered":"<p>Das Ensemble &nbsp; Katrin Brinkmann, Darstellerin, Co-Regie &nbsp; Karl Elbl, Regisseur &nbsp; Gesa Gurski, Darstellerin, Co-Regie &nbsp; Gunnar Jacobsen, Techniker &nbsp; Michael N\u00f6tzel, Darsteller, Regisseur &nbsp; Elke Steinhaus, Souffleuse &nbsp; Per-Ove Thie\u00dfen, Darsteller, Homepage &nbsp; &nbsp; Dirk Wegner-Ulke, Darsteller, B\u00fchnenbild &nbsp; Julia B\u00f6ke, Darstellerin<\/p>\n","protected":false},"author":1,"featured_media":0,"parent":0,"menu_order":0,"comment_status":"closed","ping_status":"closed","template":"","meta":{"ngg_post_thumbnail":0,"footnotes":""},"class_list":["post-126","page","type-page","status-publish","hentry"],"jetpack_sharing_enabled":true,"_links":{"self":[{"href":"https:\/\/thalamus-theater.de\/index.php?rest_route=\/wp\/v2\/pages\/126","targetHints":{"allow":["GET"]}}],"collection":[{"href":"https:\/\/thalamus-theater.de\/index.php?rest_route=\/wp\/v2\/pages"}],"about":[{"href":"https:\/\/thalamus-theater.de\/index.php?rest_route=\/wp\/v2\/types\/page"}],"author":[{"embeddable":true,"href":"https:\/\/thalamus-theater.de\/index.php?rest_route=\/wp\/v2\/users\/1"}],"replies":[{"embeddable":true,"href":"https:\/\/thalamus-theater.de\/index.php?rest_route=%2Fwp%2Fv2%2Fcomments&post=126"}],"version-history":[{"count":10,"href":"https:\/\/thalamus-theater.de\/index.php?rest_route=\/wp\/v2\/pages\/126\/revisions"}],"predecessor-version":[{"id":1205,"href":"https:\/\/thalamus-theater.de\/index.php?rest_route=\/wp\/v2\/pages\/126\/revisions\/1205"}],"wp:attachment":[{"href":"https:\/\/thalamus-theater.de\/index.php?rest_route=%2Fwp%2Fv2%2Fmedia&parent=126"}],"curies":[{"name":"wp","href":"https:\/\/api.w.org\/{rel}","templated":true}]}}