{"id":2146,"date":"2026-03-02T19:01:55","date_gmt":"2026-03-02T18:01:55","guid":{"rendered":"https:\/\/thalamus-theater.de\/?page_id=2146"},"modified":"2026-03-02T19:05:25","modified_gmt":"2026-03-02T18:05:25","slug":"barrierefreiheit-teilhabe","status":"publish","type":"page","link":"https:\/\/thalamus-theater.de\/?page_id=2146","title":{"rendered":"Barrierefreiheit\/Teilhabe"},"content":{"rendered":"\n\n\n<p>Das Thalamus Theater bietet schon seit einigen Jahren jeweils eine Auff\u00fchrung ihrer aktuellen Inszenierung mit speziellen Angeboten f\u00fcr Menschen mit Seheinschr\u00e4nkungen an, um deren Teilhabem\u00f6glichkeiten am Theatergeschehen zu erweitern. <br>Ausgew\u00e4hlt werden daf\u00fcr jeweils Spielst\u00e4tten (wie z. B. das Kulturforum oder das Hotel Maritim), die gut mit \u00f6ffentlichen Verkehrsmitteln erreichbar sind und ausreichend Platz bieten, um beispielsweise auch mit einem F\u00fchrhund gut teilnehmen zu k\u00f6nnen.<\/p>\n<p><strong>Die speziellen Angebote zur Verbesserung der Teilhabe bestehen aus folgenden Elementen:<br><\/strong>&#8211; Eine ausf\u00fchrliche Einf\u00fchrung in das St\u00fcck, in der vor allem auch auf die zum Verst\u00e4ndnis des St\u00fcckes notwendigen Aspekte eingegangen wird, die sich akustisch nicht vollst\u00e4ndig erschlie\u00dfen.<br>&#8211; Eine Begehung der B\u00fchne\/Spielfl\u00e4che, um das B\u00fchnenbild kennenzulernen verbunden mit der M\u00f6glichkeit, Requisiten und B\u00fchnenbild zu ertasten.<br>&#8211; Eine Begegnung mit den Schauspielerinnen und Schauspielern, um sich mit deren Stimmen vertraut zu machen und auch Informationen \u00fcber die Kost\u00fcme zu erhalten und sie evtl. auch haptisch zu erfahren.<br>&#8211; Seit November 2025 ist das Angebot einer Audiodeskription, \u00fcber Funk oder WLAN empfangbar, hinzu gekommen.<\/p>\n<p><strong>Was ist genau ist eine Audiodeskription?<\/strong><\/p>\n<p>Eine Audiodeskription (AD) im Theater macht das B\u00fchnengeschehen f\u00fcr blinde und sehbehinderte Menschen durch Live-Beschreibungen via Kopfh\u00f6rer erlebbar. Es geht dabei darum, zum Verst\u00e4ndnis wichtiger Aspekte der Auff\u00fchrung, wie Bewegungen und Handlungen, Kost\u00fcme, Mimik und Gestik, Requisiteneinsatz, das B\u00fchnenbild und Lichtstimmungen, diese pr\u00e4zise und kurz in Dialogpausen zu beschreiben. Die Personen, die diese Beschreibungen live einsprechen, sind in der Regel daf\u00fcr fortgebildet und kooperieren in der Vorbereitung h\u00e4ufig mit betroffenen Menschen und der Dramaturgie oder Regie der Inszenierung. Die Audiodeskription wird aus einer Kabine oder von der Seite per Funk an entsprechende Empf\u00e4nger oder zunehmend auch per WLan an Mobiltelefone der sehbeeintr\u00e4chtigten Zuschauerinnen und Zuschauer \u00fcbertragen.<\/p>\n<p><strong>Die erste Audiodeskription einer Auff\u00fchrung des Thalamus Theaters <\/strong><\/p>\n<figure style=\"width: 575px\" class=\"wp-caption alignnone\"><img loading=\"lazy\" decoding=\"async\" src=\"https:\/\/thalamus-theater.de\/wp-content\/uploads\/20260203_172024-scaled.jpg\" alt=\"\" width=\"575\" height=\"766\"><figcaption class=\"wp-caption-text\"><em>Ulrike Baasch und Charlotte Dannehr beim Einsprechen der Audiodeskription<\/em><\/figcaption><\/figure>\n<p>Erstmalig wurde am 22 November die Audiodeskription einer Auff\u00fchrung des Thalamus Theaters angeboten und von Zuschauerinnen und Zuschauern mit einer Sehbeeintr\u00e4chtigung umf\u00e4nglich angenommen. Vorbereitet und eingesprochen wurde sie von den beiden geschulten Blindenp\u00e4dagoginnen des Landesf\u00f6rderzentrums Sehen, Charlotte Dannehr und Ulrike Braasch. <br>Dieses zentrale Element zur Erweiterung der Barrierefreiheit und Teilhabe wird k\u00fcnftig obligatorisch zum Angebot des Thalamus Theaters geh\u00f6ren. Daf\u00fcr wird eine moderne, appbasierte Technik zu Einsatz zum Einsatz kommen.<\/p>\n<p><strong>Hier kommen einige exemplarische R\u00fcckmeldungen der Nutzerinnen und Nutzer der Audiodeskription:<\/strong><\/p>\n<p>\u201eDurch die AD konnte ich der Auff\u00fchrung entspannter folgen, ohne immer wieder zu \u00fcberlegen, was machen die da gerade. Gut hat mir gefallen, dass die Gef\u00fchlsregungen und die Mimik der Darstellenden beschrieben wurden.\u201c<\/p>\n<p>\u201eMir hat die ausf\u00fchrliche Beschreibung der Kleidung der Schauspielerin und der Schauspieler und die Vorstellung ihrer Charaktere sehr geholfen in die Geschichte zu finden. Durch die B\u00fchnenbegehung konnte ich mir die Aktionen auf der B\u00fchne gut vorstellen oder mit meinem Sehrest erkennen und zuordnen. Es war interessant zu ertasten und erfahren, wie die Requisiten, wie z. B. die Technikwand und der Aufzug, gebaut waren.\u201c<\/p>\n<p>\u201eTechnisch lief alles perfekt, und in Art und Umfang wurde uns alles mitgeteilt. Und weil ich ja das B\u00fchnenbild von Nahem gesehen hatte, habe ich mich absolut auf dem Laufenden gef\u00fchlt!\u201c<\/p>\n","protected":false},"excerpt":{"rendered":"<p>Das Thalamus Theater bietet schon seit einigen Jahren jeweils eine Auff\u00fchrung ihrer aktuellen Inszenierung mit speziellen Angeboten f\u00fcr Menschen mit Seheinschr\u00e4nkungen an, um deren Teilhabem\u00f6glichkeiten am Theatergeschehen zu erweitern. Ausgew\u00e4hlt werden daf\u00fcr jeweils Spielst\u00e4tten (wie z. B. das Kulturforum oder das Hotel Maritim), die gut mit \u00f6ffentlichen Verkehrsmitteln erreichbar sind und ausreichend Platz bieten, um [&hellip;]<\/p>\n","protected":false},"author":2,"featured_media":0,"parent":0,"menu_order":0,"comment_status":"closed","ping_status":"closed","template":"","meta":{"ngg_post_thumbnail":0,"footnotes":""},"class_list":["post-2146","page","type-page","status-publish","hentry"],"jetpack_sharing_enabled":true,"_links":{"self":[{"href":"https:\/\/thalamus-theater.de\/index.php?rest_route=\/wp\/v2\/pages\/2146","targetHints":{"allow":["GET"]}}],"collection":[{"href":"https:\/\/thalamus-theater.de\/index.php?rest_route=\/wp\/v2\/pages"}],"about":[{"href":"https:\/\/thalamus-theater.de\/index.php?rest_route=\/wp\/v2\/types\/page"}],"author":[{"embeddable":true,"href":"https:\/\/thalamus-theater.de\/index.php?rest_route=\/wp\/v2\/users\/2"}],"replies":[{"embeddable":true,"href":"https:\/\/thalamus-theater.de\/index.php?rest_route=%2Fwp%2Fv2%2Fcomments&post=2146"}],"version-history":[{"count":3,"href":"https:\/\/thalamus-theater.de\/index.php?rest_route=\/wp\/v2\/pages\/2146\/revisions"}],"predecessor-version":[{"id":2152,"href":"https:\/\/thalamus-theater.de\/index.php?rest_route=\/wp\/v2\/pages\/2146\/revisions\/2152"}],"wp:attachment":[{"href":"https:\/\/thalamus-theater.de\/index.php?rest_route=%2Fwp%2Fv2%2Fmedia&parent=2146"}],"curies":[{"name":"wp","href":"https:\/\/api.w.org\/{rel}","templated":true}]}}