{"id":275,"date":"2017-07-10T12:28:55","date_gmt":"2017-07-10T10:28:55","guid":{"rendered":"http:\/\/thalamus-theater.de\/?page_id=275"},"modified":"2026-04-15T16:33:53","modified_gmt":"2026-04-15T14:33:53","slug":"galerie","status":"publish","type":"page","link":"https:\/\/thalamus-theater.de\/?page_id=275","title":{"rendered":"Galerie"},"content":{"rendered":"<h3 style=\"text-align: left;\">Hier finden sich Bilder vergangener Produktionen &#8211; ob Probenfotos, Backstageaufnahmen oder Bilder unserer Auff\u00fchrungen. Klicken Sie auf die Bilder, um die Galerie anzusehen. F\u00fcr eine vergr\u00f6\u00dferte Darstellung klicken Sie auf den Namen des St\u00fccks.<\/h3>\n<h2 style=\"text-align: center;\">Der Aufzug<\/h2>\nngg_shortcode_0_placeholder\n<h2>&nbsp;<\/h2>\n<h2 style=\"text-align: center;\">Sensemann und S\u00f6hne<\/h2>\nngg_shortcode_1_placeholder\n<h2 style=\"text-align: center;\"><strong>Der Vorname<\/strong><\/h2>\nngg_shortcode_2_placeholder\n<h2 style=\"text-align: center;\"><strong>Der H\u00e4ssliche<\/strong><\/h2>\nngg_shortcode_3_placeholder\n<h2 style=\"text-align: center;\"><strong>K\u00f6nigs Moment<\/strong><\/h2>\nngg_shortcode_4_placeholder\n<h2 style=\"text-align: center;\"><strong>Endstation Pasta<\/strong><\/h2>\nngg_shortcode_5_placeholder\n<p>&nbsp;<\/p>\n<h2 style=\"text-align: center;\"><strong>Simon Labrosse<\/strong><\/h2>\nngg_shortcode_6_placeholder\n<p>&nbsp;<\/p>\n<h2 style=\"text-align: center;\"><strong>Bandscheibenvorfall<\/strong><\/h2>\nngg_shortcode_7_placeholder\n<p>&nbsp;<\/p>\n<h2 style=\"text-align: center;\"><strong>Dreier<\/strong><\/h2>\nngg_shortcode_8_placeholder\n<p>&nbsp;<\/p>\n<h2 style=\"text-align: center;\"><strong>Hysterikon<\/strong><\/h2>\nngg_shortcode_9_placeholder\n<p>&nbsp;<\/p>\n<h2 style=\"text-align: center;\"><strong>Nature and friends<\/strong><\/h2>\nngg_shortcode_10_placeholder\n<p>&nbsp;<\/p>\n<h2 style=\"text-align: center;\"><strong>Herzjucken<\/strong><\/h2>\nngg_shortcode_11_placeholder\n<p>&nbsp;<\/p>\n<h2 style=\"text-align: center;\"><strong>Dossier Akkermann<\/strong><\/h2>\nngg_shortcode_12_placeholder\n<p>&nbsp;<\/p>\n<h2 style=\"text-align: center;\"><strong>Bis Denver<\/strong><\/h2>\nngg_shortcode_13_placeholder\n<p>&nbsp;<\/p>\n<h2 style=\"text-align: center;\"><strong>Herr Paul<\/strong><\/h2>\nngg_shortcode_14_placeholder\n","protected":false},"excerpt":{"rendered":"<p>Hier finden sich Bilder vergangener Produktionen &#8211; ob Probenfotos, Backstageaufnahmen oder Bilder unserer Auff\u00fchrungen. Klicken Sie auf die Bilder, um die Galerie anzusehen. F\u00fcr eine vergr\u00f6\u00dferte Darstellung klicken Sie auf den Namen des St\u00fccks. Der Aufzug &nbsp; Sensemann und S\u00f6hne Der Vorname Der H\u00e4ssliche &#8222;] K\u00f6nigs Moment &#8222;]&nbsp; Endstation Pasta &#8222;]&nbsp; &nbsp; Simon Labrosse &#8222;]&nbsp; [&hellip;]<\/p>\n","protected":false},"author":2,"featured_media":0,"parent":0,"menu_order":0,"comment_status":"closed","ping_status":"closed","template":"","meta":{"ngg_post_thumbnail":0,"footnotes":""},"class_list":["post-275","page","type-page","status-publish","hentry"],"jetpack_sharing_enabled":true,"_links":{"self":[{"href":"https:\/\/thalamus-theater.de\/index.php?rest_route=\/wp\/v2\/pages\/275","targetHints":{"allow":["GET"]}}],"collection":[{"href":"https:\/\/thalamus-theater.de\/index.php?rest_route=\/wp\/v2\/pages"}],"about":[{"href":"https:\/\/thalamus-theater.de\/index.php?rest_route=\/wp\/v2\/types\/page"}],"author":[{"embeddable":true,"href":"https:\/\/thalamus-theater.de\/index.php?rest_route=\/wp\/v2\/users\/2"}],"replies":[{"embeddable":true,"href":"https:\/\/thalamus-theater.de\/index.php?rest_route=%2Fwp%2Fv2%2Fcomments&post=275"}],"version-history":[{"count":10,"href":"https:\/\/thalamus-theater.de\/index.php?rest_route=\/wp\/v2\/pages\/275\/revisions"}],"predecessor-version":[{"id":2342,"href":"https:\/\/thalamus-theater.de\/index.php?rest_route=\/wp\/v2\/pages\/275\/revisions\/2342"}],"wp:attachment":[{"href":"https:\/\/thalamus-theater.de\/index.php?rest_route=%2Fwp%2Fv2%2Fmedia&parent=275"}],"curies":[{"name":"wp","href":"https:\/\/api.w.org\/{rel}","templated":true}]}}