{"id":65,"date":"2016-09-01T01:38:02","date_gmt":"2016-08-31T23:38:02","guid":{"rendered":"http:\/\/thalamus-theater.de\/?page_id=65"},"modified":"2026-04-15T16:32:28","modified_gmt":"2026-04-15T14:32:28","slug":"aktuell","status":"publish","type":"page","link":"https:\/\/thalamus-theater.de\/","title":{"rendered":"Aktuelles"},"content":{"rendered":"\n<h4 style=\"text-align: center;\"><span style=\"color: #ffffff;\"><strong>Die Tournee mit der Inszenierung &#8222;Der Aufzug&#8220; ist am 11.04.2026 erfolgreich zu Ende gegangen. Herzlichen Dank an unser tolles Publikum f\u00fcr den gro\u00dfartigen Zuspruch!<\/strong><\/span><\/h4>\n<p>&nbsp;<\/p>\n<p><img loading=\"lazy\" decoding=\"async\" src=\"https:\/\/thalamus-theater.de\/wp-content\/uploads\/Gruppenbild-1.jpg\" alt=\"Das Thalamus Theater im Fr\u00fchjahr 2025\" width=\"1462\" height=\"1542\"><\/p>\n\n\n\n<div class=\"wp-block-group\"><div class=\"wp-block-group__inner-container is-layout-constrained wp-block-group-is-layout-constrained\">\n\n\n<p>F\u00fcr aktuelle Eindr\u00fccke und Informationen lohnt sich ein Blick auf unseren Instagram-Account thalamus_theater_kiel:<\/p>\n\n\n\n<p><a href=\"https:\/\/instagram.com\/thalamus_theater_kiel?igshid=ZDdkNTZiNTM=\">https:\/\/instagram.com\/thalamus_theater_kiel?igshid=ZDdkNTZiNTM=<\/a><\/p>\n<\/div><\/div>\n\n\n\n<p><\/p>\n\n\n\nngg_shortcode_0_placeholder\n\n\n\n<div style=\"height:40px\" aria-hidden=\"true\" class=\"wp-block-spacer\"><\/div>\n","protected":false},"excerpt":{"rendered":"<p>Die Tournee mit der Inszenierung &#8222;Der Aufzug&#8220; ist am 11.04.2026 erfolgreich zu Ende gegangen. Herzlichen Dank an unser tolles Publikum f\u00fcr den gro\u00dfartigen Zuspruch! &nbsp; F\u00fcr aktuelle Eindr\u00fccke und Informationen lohnt sich ein Blick auf unseren Instagram-Account thalamus_theater_kiel: https:\/\/instagram.com\/thalamus_theater_kiel?igshid=ZDdkNTZiNTM=<\/p>\n","protected":false},"author":1,"featured_media":0,"parent":0,"menu_order":0,"comment_status":"closed","ping_status":"closed","template":"","meta":{"ngg_post_thumbnail":0,"footnotes":""},"class_list":["post-65","page","type-page","status-publish","hentry"],"jetpack_sharing_enabled":true,"_links":{"self":[{"href":"https:\/\/thalamus-theater.de\/index.php?rest_route=\/wp\/v2\/pages\/65","targetHints":{"allow":["GET"]}}],"collection":[{"href":"https:\/\/thalamus-theater.de\/index.php?rest_route=\/wp\/v2\/pages"}],"about":[{"href":"https:\/\/thalamus-theater.de\/index.php?rest_route=\/wp\/v2\/types\/page"}],"author":[{"embeddable":true,"href":"https:\/\/thalamus-theater.de\/index.php?rest_route=\/wp\/v2\/users\/1"}],"replies":[{"embeddable":true,"href":"https:\/\/thalamus-theater.de\/index.php?rest_route=%2Fwp%2Fv2%2Fcomments&post=65"}],"version-history":[{"count":10,"href":"https:\/\/thalamus-theater.de\/index.php?rest_route=\/wp\/v2\/pages\/65\/revisions"}],"predecessor-version":[{"id":2339,"href":"https:\/\/thalamus-theater.de\/index.php?rest_route=\/wp\/v2\/pages\/65\/revisions\/2339"}],"wp:attachment":[{"href":"https:\/\/thalamus-theater.de\/index.php?rest_route=%2Fwp%2Fv2%2Fmedia&parent=65"}],"curies":[{"name":"wp","href":"https:\/\/api.w.org\/{rel}","templated":true}]}}