{"id":675,"date":"2018-08-07T12:09:42","date_gmt":"2018-08-07T10:09:42","guid":{"rendered":"http:\/\/thalamus-theater.de\/?page_id=675"},"modified":"2022-12-20T20:52:35","modified_gmt":"2022-12-20T19:52:35","slug":"datenschutz","status":"publish","type":"page","link":"https:\/\/thalamus-theater.de\/?page_id=675","title":{"rendered":"Datenschutz"},"content":{"rendered":"\n<h3 style=\"text-align: left;\"><strong>Datenschutzerkl\u00e4rung<\/strong><\/h3>\n<h5 style=\"text-align: left;\"><strong>\u00a71 Verantwortlicher, Auftragsverarbeiter<\/strong><\/h5>\n<p style=\"text-align: left;\">F\u00fcr die Verarbeitung personenbezogener Daten gem. Art. 4 Ziff. 7 EU-Datenschutz-Grundverordnung ist Karl Elbl, Clausewitzstra\u00dfe 15, 24105 Kiel verantwortlich.<\/p>\n<h5 style=\"text-align: left;\"><strong>\u00a72 Erhebung personenbezogener Daten<\/strong><\/h5>\n<p style=\"text-align: left;\">(1) Beim&nbsp;Besuch unserer Website, wenn Sie uns nicht anderweitig Informationen \u00fcbermitteln, erheben wir nur die personenbezogenen Daten, die Ihr Browser an unseren Server \u00fcbermittelt. Diese Informationen werden tempor\u00e4r in einem sog. Logfile gespeichert. Folgende Informationen werden dabei ohne Ihr Zutun erfasst und bis zur automatisierten L\u00f6schung gespeichert:<\/p>\n<ul style=\"text-align: left;\">\n<li>IP-Adresse<\/li>\n<li>Datum und Uhrzeit der Anfrage<\/li>\n<li>Zeitzonendifferenz zur koordinierten Weltzeit (UTC)<\/li>\n<li>vom Webbrowser \u00fcbermittelte Anforderung, bestehend aus Anforderungsmethode (z.B. GET), angeforderter Seite oder Ressource, Protokollversion (z.B. HTTP\/1.1)<\/li>\n<li>Zugriffsstatus\/HTTP-Statuscode (z.B. 404 f\u00fcr \u201eSeite nicht gefunden\u201c)<\/li>\n<li>jeweils \u00fcbertragene Datenmenge<\/li>\n<li>Seite, von der aus die aktuell angezeigte Seite aufgerufen wurde bzw. die Ressource eingebunden wurde (sofern Ihr Webbrowser diese Information \u00fcbermittelt)<\/li>\n<li>Browserkennung, bestehend aus Name, Hersteller, Version und Sprache Ihrer Browsersoftware, sowie Betriebssystem und dessen Version (sofern Ihr Webbrowser diese Informationen \u00fcbermittelt)<\/li>\n<\/ul>\n<p style=\"text-align: left;\">Die genannten Daten werden zu dem Zweck erhoben, Ihnen unsere Website anzuzeigen sowie Stabilit\u00e4t und Sicherheit zu gew\u00e4hrleisten. Rechtsgrundlage ist Art. 6 Abs. 1 Buchst. f DSGVO. Unser berechtigtes Interesse folgt aus dem erw\u00e4hnten Zweck der Datenerhebung.<\/p>\n<p style=\"text-align: left;\">Au\u00dferdem setzen wir Cookies sowie Analysedienste ein. N\u00e4here Erl\u00e4uterungen dazu erhalten Sie unter \u00a7 4 und \u00a7 5 dieser Datenschutzerkl\u00e4rung. \u00dcber die Datenverarbeitung beim Einsatz von Social-Media-Anwendungen informieren wir in \u00a7 6 dieser Datenschutzerkl\u00e4rung.<\/p>\n<p style=\"text-align: left;\">(2) Bei der&nbsp;Nutzung unseres Kontaktformulars&nbsp;werden keinerlei Informationen&nbsp; gespeichert:<\/p>\n<p style=\"text-align: left;\">Die genannten Daten werden zu dem Zweck erhoben, die Anfrage Ihnen zuzuordnen und diese zu beantworten. Rechtsgrundlage ist Art. 6 Abs. 1 Buchst. a DSGVO.<\/p>\n<p style=\"text-align: left;\">Die f\u00fcr die Benutzung des Kontaktformulars von uns erhobenen Daten werden nach Erledigung der von Ihnen gestellten Anfrage gel\u00f6scht.<\/p>\n<h5 style=\"text-align: left;\"><strong>\u00a73 Weitergabe von Daten<\/strong><\/h5>\n<p style=\"text-align: left;\">Eine \u00dcbermittlung personenbezogener Daten an Dritte zu anderen als den folgenden Zwecken findet nicht statt. Wir geben Ihre Daten nur an Dritte weiter, wenn:<\/p>\n<ul style=\"text-align: left;\">\n<li>Sie gem\u00e4\u00df Art. 6 Abs. 1 Buchst. a DSGVO Ihre ausdr\u00fcckliche Einwilligung dazu erteilt haben,<\/li>\n<li>die Weitergabe gem\u00e4\u00df Art. 6 Abs. 1 Buchst. f DSGVO zur Geltendmachung, Aus\u00fcbung oder Verteidigung von Rechtsanspr\u00fcchen erforderlich ist und kein Grund zur Annahme besteht, dass Sie ein \u00fcberwiegendes schutzw\u00fcrdiges Interesse an der Nichtweitergabe Ihrer Daten haben,<\/li>\n<li>falls f\u00fcr die Weitergabe gem\u00e4\u00df Art. 6 Abs. 1 Buchst. c DSGVO eine gesetzliche Verpflichtung besteht.<\/li>\n<\/ul>\n<h5>\u00a74 Cookies<\/h5>\n<p style=\"text-align: left;\">(1) Zus\u00e4tzlich zu den in \u00a7 2 Abs 1 dieser Datenschutzerkl\u00e4rung genannten Daten werden bei Ihrer Nutzung unserer Website Cookies auf Ihrem Rechner gespeichert. Hierbei handelt es sich um kleine Dateien, die Ihr Browser automatisch erstellt und die auf Ihrem Endger\u00e4t (Laptop, Tablet, Smartphone o.\u00e4.) gespeichert werden, wenn Sie unsere Seite besuchen. In dem Cookie werden Informationen abgelegt, die sich jeweils im Zusammenhang mit dem spezifisch eingesetzten Endger\u00e4t ergeben. Dies bedeutet jedoch nicht, dass wir dadurch unmittelbar Kenntnis von Ihrer Identit\u00e4t erhalten. Cookies k\u00f6nnen zudem keine Programme ausf\u00fchren oder Viren auf Ihren Computer \u00fcbertragen. Sie dienen dazu, das Internetangebot insgesamt nutzerfreundlicher und effektiver zu machen.<\/p>\n<p style=\"text-align: left;\">(2) Diese Website nutzt folgende Arten von Cookies:<\/p>\n<ul style=\"text-align: left;\">\n<li>Transiente Cookies: Transiente Cookies werden automatisiert gel\u00f6scht, wenn Sie den Browser schlie\u00dfen. Dazu z\u00e4hlen insbesondere die Session-Cookies. Diese speichern eine sogenannte Session-ID, mit welcher sich verschiedene Anfragen Ihres Browsers der gemeinsamen Sitzung zuordnen lassen. Dadurch kann Ihr Rechner wiedererkannt werden, wenn Sie auf unsere Website zur\u00fcckkehren.<\/li>\n<\/ul>\n<p>&nbsp;<\/p>\n<ul style=\"text-align: left;\">\n<li>Persistente Cookies: Persistente Cookies werden automatisiert nach einer vorgegebenen Dauer gel\u00f6scht, die sich je nach Cookie unterscheiden kann. Derartige Cookies setzen wir ein, um die Nutzung unserer Website statistisch zu erfassen und um unser Angebot zu optimieren. Dabei erm\u00f6glichen uns die Cookies, bei einem erneuten Besuch unserer Seite automatisch zu erkennen, dass Sie bereits bei uns waren.<\/li>\n<\/ul>\n<p style=\"text-align: left;\">Sie k\u00f6nnen Ihre Browser-Einstellung entsprechend Ihren W\u00fcnschen konfigurieren und z.\u2009B. die Annahme von Third-Party-Cookies oder allen Cookies ablehnen. Wir weisen Sie darauf hin, dass Sie eventuell nicht alle Funktionen dieser Website nutzen k\u00f6nnen.<\/p>\n<p style=\"text-align: left;\">Die durch Cookies verarbeiteten Daten sind f\u00fcr die genannten Zwecke zur Wahrung unserer berechtigten Interessen sowie der Dritter nach Art. 6 Abs. 1 Buchst. f DSGVO erforderlich.<\/p>\n<h5 style=\"text-align: left;\"><strong>\u00a75 Webanalyse<\/strong><\/h5>\n<p style=\"text-align: left;\">Wir setzen keine Webanalyseprogramme ein und haben niemanden dazu beaufragt.<\/p>\n<h5 style=\"text-align: left;\"><strong>\u00a7 6 Social Media<\/strong><\/h5>\n<p style=\"text-align: left;\">Wir nutzen derzeit keine Social-Media-Plugins und haben niemanden dazu beauftragt.<\/p>\n<h5 style=\"text-align: left;\"><strong>\u00a7 7&nbsp;Betroffenenrechte<\/strong><\/h5>\n<p style=\"text-align: left;\">(1) Sie haben gegen\u00fcber uns folgende Rechte hinsichtlich der Sie betreffenden personenbezogenen Daten:<\/p>\n<ul style=\"text-align: left;\">\n<li>Recht auf Auskunft (Art. 15 DSGVO)<\/li>\n<li>Recht auf Berichtigung (Art. 16 DSGVO)<\/li>\n<li>Recht auf L\u00f6schung (Art. 17 DSGVO)<\/li>\n<li>Recht auf Einschr\u00e4nkung der Verarbeitung (Art. 18 DSGVO)<\/li>\n<li>Recht auf Daten\u00fcbertragbarkeit (Art. 20 DSGVO)<\/li>\n<\/ul>\n<p style=\"text-align: left;\">(2) Sie haben zudem das Recht,<\/p>\n<ul style=\"text-align: left;\">\n<li>Ihre einmal erteilte Einwilligung jederzeit gegen\u00fcber uns zu widerrufen (Art. 7 Abs. 3 DSGVO). Dies hat zur Folge, dass wir die Datenverarbeitung, die auf dieser Einwilligung beruhte, f\u00fcr die Zukunft nicht mehr fortf\u00fchren d\u00fcrfen, sowie<\/li>\n<\/ul>\n<p>&nbsp;<\/p>\n<ul style=\"text-align: left;\">\n<li>sich bei der zust\u00e4ndigen Aufsichtsbeh\u00f6rde zu beschweren (Art. 77 DSGVO). Zust\u00e4ndige Aufsichtsbeh\u00f6rde ist die Berliner Beauftragte f\u00fcr Datenschutz und Informationsfreiheit<\/li>\n<\/ul>\n<h5 style=\"text-align: left;\"><strong>\u00a7 8 Zahlungsdienstleister<\/strong><\/h5>\n<p style=\"text-align: left;\">nicht vorhanden<\/p>\n<h5 style=\"text-align: left;\"><strong>\u00a7 9&nbsp;Widerspruchsrecht<\/strong><\/h5>\n<p style=\"text-align: left;\">(1) Soweit wir die Verarbeitung Ihrer personenbezogenen Daten auf die Wahrnehmung berechtigter Interessen st\u00fctzen (Art. 6 Abs. 1 Buchst. f DSGVO), k\u00f6nnen Sie&nbsp;<u>Widerspruch<\/u>&nbsp;gegen die Verarbeitung einlegen. Bei Aus\u00fcbung eines solchen Widerspruchs bitten wir um Darlegung der Gr\u00fcnde, weshalb wir Ihre personenbezogenen Daten nicht wie von uns durchgef\u00fchrt verarbeiten sollten. Im Falle Ihres begr\u00fcndeten Widerspruchs pr\u00fcfen wir die Sachlage und werden entweder die Datenverarbeitung einstellen bzw. anpassen oder Ihnen unsere zwingenden schutzw\u00fcrdigen Gr\u00fcnde aufzeigen, aufgrund derer wir die Verarbeitung fortf\u00fchren.<\/p>\n<p style=\"text-align: left;\">(2) Selbstverst\u00e4ndlich k\u00f6nnen Sie der Verarbeitung Ihrer personenbezogenen Daten f\u00fcr Zwecke der Werbung und Datenanalyse jederzeit widersprechen.<\/p>\n<p style=\"text-align: left;\">(3) \u00dcber Ihren Widerspruch k\u00f6nnen Sie uns unter folgenden Kontaktdaten informieren<em>: kontakt@thalamus-theater.de<\/em><\/p>\n<h5 style=\"text-align: left;\"><strong>\u00a7 10 Aktualit\u00e4t und \u00c4nderung dieser Datenschutzerkl\u00e4rung<\/strong><\/h5>\n<p style=\"text-align: left;\">Diese Datenschutzerkl\u00e4rung ist aktuell g\u00fcltig und hat den Stand August 2018.<\/p>\n<p style=\"text-align: left;\">Durch die Weiterentwicklung unserer Website und unserer dar\u00fcber zur Verf\u00fcgung gestellten Angebote oder aufgrund ge\u00e4nderter gesetzlicher beziehungsweise beh\u00f6rdlicher Vorgaben kann es notwendig werden, diese Datenschutzerkl\u00e4rung zu \u00e4ndern.<\/p>\n<p style=\"text-align: left;\">&nbsp;<\/p>\n","protected":false},"excerpt":{"rendered":"<p>Datenschutzerkl\u00e4rung \u00a71 Verantwortlicher, Auftragsverarbeiter F\u00fcr die Verarbeitung personenbezogener Daten gem. Art. 4 Ziff. 7 EU-Datenschutz-Grundverordnung ist Karl Elbl, Clausewitzstra\u00dfe 15, 24105 Kiel verantwortlich. \u00a72 Erhebung personenbezogener Daten (1) Beim&nbsp;Besuch unserer Website, wenn Sie uns nicht anderweitig Informationen \u00fcbermitteln, erheben wir nur die personenbezogenen Daten, die Ihr Browser an unseren Server \u00fcbermittelt. Diese Informationen werden tempor\u00e4r [&hellip;]<\/p>\n","protected":false},"author":2,"featured_media":0,"parent":0,"menu_order":0,"comment_status":"closed","ping_status":"closed","template":"","meta":{"ngg_post_thumbnail":0,"footnotes":""},"class_list":["post-675","page","type-page","status-publish","hentry"],"jetpack_sharing_enabled":true,"_links":{"self":[{"href":"https:\/\/thalamus-theater.de\/index.php?rest_route=\/wp\/v2\/pages\/675","targetHints":{"allow":["GET"]}}],"collection":[{"href":"https:\/\/thalamus-theater.de\/index.php?rest_route=\/wp\/v2\/pages"}],"about":[{"href":"https:\/\/thalamus-theater.de\/index.php?rest_route=\/wp\/v2\/types\/page"}],"author":[{"embeddable":true,"href":"https:\/\/thalamus-theater.de\/index.php?rest_route=\/wp\/v2\/users\/2"}],"replies":[{"embeddable":true,"href":"https:\/\/thalamus-theater.de\/index.php?rest_route=%2Fwp%2Fv2%2Fcomments&post=675"}],"version-history":[{"count":9,"href":"https:\/\/thalamus-theater.de\/index.php?rest_route=\/wp\/v2\/pages\/675\/revisions"}],"predecessor-version":[{"id":993,"href":"https:\/\/thalamus-theater.de\/index.php?rest_route=\/wp\/v2\/pages\/675\/revisions\/993"}],"wp:attachment":[{"href":"https:\/\/thalamus-theater.de\/index.php?rest_route=%2Fwp%2Fv2%2Fmedia&parent=675"}],"curies":[{"name":"wp","href":"https:\/\/api.w.org\/{rel}","templated":true}]}}