{"id":84,"date":"2016-09-02T13:33:36","date_gmt":"2016-09-02T11:33:36","guid":{"rendered":"http:\/\/thalamus-theater.de\/?page_id=84"},"modified":"2026-02-15T20:18:07","modified_gmt":"2026-02-15T19:18:07","slug":"ueber-uns","status":"publish","type":"page","link":"https:\/\/thalamus-theater.de\/?page_id=84","title":{"rendered":"\u00dcber uns"},"content":{"rendered":"\n<h2 class=\"wp-block-heading has-text-align-center\">Thalamus- Theater<\/h2>\n\n\n\n<p>&#8222;<em>Das Theater ist die t\u00e4tige Reflexion des Menschen \u00fcber sich selbst.&#8220; <\/em>(Novalis)<\/p>\n\n\n\n<figure class=\"wp-block-image size-large\"><img loading=\"lazy\" decoding=\"async\" width=\"971\" height=\"1024\" src=\"https:\/\/thalamus-theater.de\/wp-content\/uploads\/Gruppenbild-1-971x1024.jpg\" alt=\"\" class=\"wp-image-1285\" srcset=\"https:\/\/thalamus-theater.de\/wp-content\/uploads\/Gruppenbild-1-971x1024.jpg 971w, https:\/\/thalamus-theater.de\/wp-content\/uploads\/Gruppenbild-1-284x300.jpg 284w, https:\/\/thalamus-theater.de\/wp-content\/uploads\/Gruppenbild-1-1456x1536.jpg 1456w, https:\/\/thalamus-theater.de\/wp-content\/uploads\/Gruppenbild-1-1200x1266.jpg 1200w, https:\/\/thalamus-theater.de\/wp-content\/uploads\/Gruppenbild-1.jpg 1462w\" sizes=\"auto, (max-width: 971px) 100vw, 971px\" \/><\/figure>\n\n\n\n<p><em>Das Thalamus-Theater im M\u00e4rz 2025<\/em><\/p>\n\n\n\n<p>Das Thalamus Theater ist eines der \u00e4ltesten und best\u00e4ndigsten Amateur-Theater Kiels. Nach der Gr\u00fcndung 1989 als Theatergruppe &#8222;Der harte Kern&#8220; stand zun\u00e4chst das Theater f\u00fcr Kinder und Jugendliche im Mittelpunkt. Auff\u00fchrungen fanden in Schulen und Jugendzentren statt.<\/p>\n\n\n\n<p>Die Umbenennung in &#8222;Thalamus Theater&#8220; brachte eine Ver\u00e4nderung der Schwerpunktsetzung mit sich. Seit 1996 konzentriert sich das Ensemble auf Inszenierungen zeitgen\u00f6ssischer St\u00fccke f\u00fcr Erwachsene.<\/p>\n\n\n\n<p>Dabei werden gerne St\u00fccke ausgew\u00e4hlt, die auf dem schmalen Grat zwischen Kom\u00f6die und Trag\u00f6die balancieren. Die Auff\u00fchrungen des Thalamus Theaters sollen das Publikum im besten Sinne ber\u00fchren auf der weiten Skala zwischen tiefempfundenen Mitgef\u00fchl und befreiendem Lachen. Interessantes zeitgen\u00f6ssisches Theater darf und sollte auch unterhaltsam sein.<\/p>\n\n\n\n<p>\u201c<em>Anst\u00e4ndigkeit ist da am Platze, wo sie hingeh\u00f6rt. Aber ins Theater geh\u00f6rt sie nicht. Das Theater geh\u00f6rt den Frechen und Tollk\u00fchnen!\u201c (David Mamet) <\/em><\/p>\n\n\n\n<p>Wir freuen uns, dass unser Publikum immer wieder bereit war, sich mit uns gemeinsam auf unbekannte und manchmal schr\u00e4ge Wege zu begeben, um dabei \u00dcberraschendes und Bewegendes zu entdecken. In diesem Sinne wollen wir auch in Zukunft aktuelle, bissige, witzige und gern auch kontroverse Inszenierungen auf die B\u00fchne bringen.<\/p>\n\n\n\n<p><em>\u201eEin Theaterst\u00fcck ist eine Konstruktion, die aus Bewusstseinszust\u00e4nden oder Situationen besteht, die sich steigern, verdichten und sich schlie\u00dflich verwickeln, um sich dann entweder aufzul\u00f6sen oder in einer unertr\u00e4glichen Unentwirrbarkeit zu enden\u201c. (Ioneso)<\/em><\/p>\n\n\n\n<p>In diesem Sinne freuen wir uns auf viele weitere spannende Theaterabende.<\/p>\n\n\n\n<p>&nbsp;<\/p>\n\n\n\n<p>In den letzten Jahren wurden St\u00fccke folgender Autoren\/innen zur Auff\u00fchrung gebracht:<\/p>\n\n\n\n<ul class=\"wp-block-list\">\n<li>Tankred Dorst<\/li>\n\n\n\n<li>Oliver Bukowski<\/li>\n\n\n\n<li>Jens Roselt<\/li>\n\n\n\n<li>Vittorio Fanceschi<\/li>\n\n\n\n<li>Ingrid Lausund<\/li>\n\n\n\n<li>Suzanne van Lohuizen<\/li>\n\n\n\n<li>Carole Fr\u00e9chette<\/li>\n\n\n\n<li>Josef Hader und Alfred Dorfer<\/li>\n\n\n\n<li>Rebekka Kricheldorf<\/li>\n\n\n\n<li>Jan Neumann<\/li>\n\n\n\n<li>Jean-Michel R\u00e4ber<\/li>\n\n\n\n<li>Marius von Mayenburg<\/li>\n\n\n\n<li>Matthieu Delaporte und Alexandre de la Patelli\u00e8re<\/li>\n\n\n\n<li>Holger B\u00f6hme<\/li>\n\n\n\n<li>Mariana Leky<\/li>\n<\/ul>\n\n\n\n<p>&nbsp;<\/p>\n\n\n\n<p>Die Produktionen des Thalamus Theaters werden regelm\u00e4\u00dfig vom Kulturamt der Stadt Kiel gef\u00f6rdert.<\/p>\n\n\n\n<p>Wir danken der Emmaus-Kirchengemeinde Kiel f\u00fcr die gro\u00dfz\u00fcgigen Probenm\u00f6glichkeiten.<\/p>\n\n\n\n<p>Die Inszenierungen des Thalamus Theaters sind meist im Kulturzentrum <a href=\"http:\/\/www.hansastrasse48.de\/\" target=\"_blank\" rel=\"noopener\">Hansa48<\/a> und anderen Kieler Kultureinrichtungen zu sehen.<\/p>\n","protected":false},"excerpt":{"rendered":"<p>Thalamus- Theater &#8222;Das Theater ist die t\u00e4tige Reflexion des Menschen \u00fcber sich selbst.&#8220; (Novalis) Das Thalamus-Theater im M\u00e4rz 2025 Das Thalamus Theater ist eines der \u00e4ltesten und best\u00e4ndigsten Amateur-Theater Kiels. Nach der Gr\u00fcndung 1989 als Theatergruppe &#8222;Der harte Kern&#8220; stand zun\u00e4chst das Theater f\u00fcr Kinder und Jugendliche im Mittelpunkt. Auff\u00fchrungen fanden in Schulen und Jugendzentren [&hellip;]<\/p>\n","protected":false},"author":1,"featured_media":0,"parent":0,"menu_order":0,"comment_status":"closed","ping_status":"closed","template":"","meta":{"ngg_post_thumbnail":0,"footnotes":""},"class_list":["post-84","page","type-page","status-publish","hentry"],"jetpack_sharing_enabled":true,"_links":{"self":[{"href":"https:\/\/thalamus-theater.de\/index.php?rest_route=\/wp\/v2\/pages\/84","targetHints":{"allow":["GET"]}}],"collection":[{"href":"https:\/\/thalamus-theater.de\/index.php?rest_route=\/wp\/v2\/pages"}],"about":[{"href":"https:\/\/thalamus-theater.de\/index.php?rest_route=\/wp\/v2\/types\/page"}],"author":[{"embeddable":true,"href":"https:\/\/thalamus-theater.de\/index.php?rest_route=\/wp\/v2\/users\/1"}],"replies":[{"embeddable":true,"href":"https:\/\/thalamus-theater.de\/index.php?rest_route=%2Fwp%2Fv2%2Fcomments&post=84"}],"version-history":[{"count":10,"href":"https:\/\/thalamus-theater.de\/index.php?rest_route=\/wp\/v2\/pages\/84\/revisions"}],"predecessor-version":[{"id":2065,"href":"https:\/\/thalamus-theater.de\/index.php?rest_route=\/wp\/v2\/pages\/84\/revisions\/2065"}],"wp:attachment":[{"href":"https:\/\/thalamus-theater.de\/index.php?rest_route=%2Fwp%2Fv2%2Fmedia&parent=84"}],"curies":[{"name":"wp","href":"https:\/\/api.w.org\/{rel}","templated":true}]}}